{"id":12044,"date":"2019-10-02T21:25:13","date_gmt":"2019-10-02T21:25:13","guid":{"rendered":"https:\/\/grupac.es\/?page_id=12044"},"modified":"2019-10-03T09:22:56","modified_gmt":"2019-10-03T09:22:56","slug":"inicio","status":"publish","type":"page","link":"https:\/\/grupac.es\/fr\/","title":{"rendered":"Intro"},"content":{"rendered":"<p>[vc_row row_type=\u00a0\u00bbrow\u00a0\u00bb use_row_as_full_screen_section=\u00a0\u00bbno\u00a0\u00bb type=\u00a0\u00bbgrid\u00a0\u00bb oblique_section=\u00a0\u00bbno\u00a0\u00bb text_align=\u00a0\u00bbcenter\u00a0\u00bb Overflow=\u00a0\u00bb\u00a0\u00bb triangle_shape=\u00a0\u00bbno\u00a0\u00bb padding_top=\u00a0\u00bb50&Prime; padding_bottom=\u00a0\u00bb25&Prime; css_animation=\u00a0\u00bb\u00a0\u00bb overflow=\u00a0\u00bb\u00a0\u00bb box_shadow_on_row=\u00a0\u00bbno\u00a0\u00bb][vc_column]<div class=\"mkd_separator_with_icon with_icon  center \" style=\"margin-top:35px;margin-bottom:45px\"><div class=\"mkd_icon_holder\" style=\"bottom:-19px;\"><div class=\"mkd_separator_icon_holder\"><div class=\"mkd_line_before\"  style=\"border-color: #d5d8dc;border-bottom-width:1px;width:118px;border-style: solid;margin-bottom:-0.5px;margin-right:18px;\"><\/div><span class=\"mkd_icon_shade mkd_icon_shortcode simple_line_icons circle   \" data-hover-background-color=#fb5e05  style=\"background-color: #fb5e05;border-width: 0px!important; border-style:solid;line-height:38px;width:38px;height:38px;\"><i class=\"mkd_icon_simple_line_icon icon-star \" style=\"color: #ffffff;line-height:38px;font-size: 20px; \" data-color=\"#ffffff\" data-hover-color=\"#ffffff\" ><\/i><\/span><div class=\"mkd_line_after\"  style=\"border-color: #d5d8dc;border-bottom-width:1px;width:118px;border-style: solid;margin-bottom:-0.5px;margin-left:18px;\"><\/div><\/div><\/div><\/div>[vc_column_text]<\/p>\n<h2>BIENVENUE A GRUPAC<\/h2>\n<p>[\/vc_column_text][vc_separator type=\u00a0\u00bbtransparent\u00a0\u00bb up=\u00a0\u00bb18&Prime; up_style=\u00a0\u00bbpx\u00a0\u00bb down=\u00a0\u00bb0&Prime; down_style=\u00a0\u00bbpx\u00a0\u00bb][vc_column_text]<\/p>\n<h5 style=\"text-align: center;\"><strong>Depuis ses d\u00e9buts\u00a0 en 1973, Grupo Agr\u00edcola Grupac se situe comme une entreprise reconnue et respect\u00e9e dans le secteur des fruits et l\u00e9gumes frais.\u00a0<\/strong>Parfaitement situ\u00e9e dans l\u2019axe central m\u00e9diterran\u00e9en pour travailler les divers produits du littoral.<\/h5>\n<h5 style=\"text-align: center;\">Grupac englobe tradition et innovation avec son \u00e9quipe dynamique et professionnelle, dirig\u00e9e vers la grande distribution et vers les march\u00e9s europ\u00e9ens d\u2019importation.<\/h5>\n<p>[\/vc_column_text][vc_empty_space image_repeat=\u00a0\u00bbno-repeat\u00a0\u00bb][\/vc_column][\/vc_row][vc_row row_type=\u00a0\u00bbparallax\u00a0\u00bb type=\u00a0\u00bbgrid\u00a0\u00bb text_align=\u00a0\u00bbcenter\u00a0\u00bb triangle_shape=\u00a0\u00bbno\u00a0\u00bb background_image=\u00a0\u00bb11331&Prime; full_screen_section_height=\u00a0\u00bbno\u00a0\u00bb section_height=\u00a0\u00bb440&Prime; zoom_effect=\u00a0\u00bbno\u00a0\u00bb][vc_column][vc_row_inner row_type=\u00a0\u00bbrow\u00a0\u00bb type=\u00a0\u00bbgrid\u00a0\u00bb use_row_as_full_screen_section_slide=\u00a0\u00bbno\u00a0\u00bb text_align=\u00a0\u00bbcenter\u00a0\u00bb padding_top=\u00a0\u00bb100&Prime; padding_bottom=\u00a0\u00bb40&Prime; css_animation=\u00a0\u00bb\u00a0\u00bb][vc_column_inner width=\u00a0\u00bb1\/3&Prime; offset=\u00a0\u00bbvc_col-lg-4 vc_col-md-4&Prime;][vc_single_image image=\u00a0\u00bb11236&Prime; img_size=\u00a0\u00bbfull\u00a0\u00bb alignment=\u00a0\u00bbcenter\u00a0\u00bb onclick=\u00a0\u00bbcustom_link\u00a0\u00bb mkd_css_animation=\u00a0\u00bb\u00a0\u00bb set_shader=\u00a0\u00bbno\u00a0\u00bb set_popup=\u00a0\u00bbno\u00a0\u00bb animate_image_on_hover=\u00a0\u00bbno\u00a0\u00bb link=\u00a0\u00bb\/fr\/produits\/\u00a0\u00bb][vc_separator type=\u00a0\u00bbtransparent\u00a0\u00bb up=\u00a0\u00bb0&Prime; up_style=\u00a0\u00bbpx\u00a0\u00bb down=\u00a0\u00bb30&Prime; down_style=\u00a0\u00bbpx\u00a0\u00bb]<div class=\"custom_font_holder  \" style=\"font-family: Lato; font-size: 24px; line-height: 25px; font-style: normal; font-weight: 700; color: #ffffff; text-decoration: none; letter-spacing: 0px;; text-transform: uppercase; text-align: center\" data-font-size=24 data-line-height=25 ><div  ><h2><a href=\"https:\/\/grupac.es\/fr\/produits\/\">AGRUMES<\/a><\/h2>\n<\/div><\/div>[vc_separator type=\u00a0\u00bbsmall\u00a0\u00bb position=\u00a0\u00bbcenter\u00a0\u00bb color=\u00a0\u00bbrgba(255,255,255,0.4)\u00a0\u00bb width=\u00a0\u00bb28&Prime; thickness=\u00a0\u00bb2&Prime; up=\u00a0\u00bb15&Prime; up_style=\u00a0\u00bbpx\u00a0\u00bb down=\u00a0\u00bb13&Prime; down_style=\u00a0\u00bbpx\u00a0\u00bb][\/vc_column_inner][vc_column_inner width=\u00a0\u00bb1\/3&Prime; offset=\u00a0\u00bbvc_col-lg-4 vc_col-md-4&Prime;][vc_single_image image=\u00a0\u00bb11240&Prime; img_size=\u00a0\u00bbfull\u00a0\u00bb alignment=\u00a0\u00bbcenter\u00a0\u00bb onclick=\u00a0\u00bbcustom_link\u00a0\u00bb mkd_css_animation=\u00a0\u00bb\u00a0\u00bb set_shader=\u00a0\u00bbno\u00a0\u00bb set_popup=\u00a0\u00bbno\u00a0\u00bb animate_image_on_hover=\u00a0\u00bbno\u00a0\u00bb link=\u00a0\u00bb\/fr\/produits\/\u00a0\u00bb][vc_separator type=\u00a0\u00bbtransparent\u00a0\u00bb up=\u00a0\u00bb0&Prime; up_style=\u00a0\u00bbpx\u00a0\u00bb down=\u00a0\u00bb30&Prime; down_style=\u00a0\u00bbpx\u00a0\u00bb]<div class=\"custom_font_holder  \" style=\"font-family: Lato; font-size: 24px; line-height: 25px; font-style: normal; font-weight: 700; color: #ffffff; text-decoration: none; letter-spacing: 0px;; text-transform: uppercase; text-align: center\" data-font-size=24 data-line-height=25 ><div  ><h2><a href=\"https:\/\/grupac.es\/fr\/produits\/\">FRUITS DE SAISON<\/a><\/h2>\n<\/div><\/div>[vc_separator type=\u00a0\u00bbsmall\u00a0\u00bb position=\u00a0\u00bbcenter\u00a0\u00bb color=\u00a0\u00bbrgba(255,255,255,0.4)\u00a0\u00bb width=\u00a0\u00bb28&Prime; thickness=\u00a0\u00bb2&Prime; up=\u00a0\u00bb15&Prime; up_style=\u00a0\u00bbpx\u00a0\u00bb down=\u00a0\u00bb13&Prime; down_style=\u00a0\u00bbpx\u00a0\u00bb][\/vc_column_inner][vc_column_inner width=\u00a0\u00bb1\/3&Prime; offset=\u00a0\u00bbvc_col-lg-4 vc_col-md-4&Prime;][vc_single_image image=\u00a0\u00bb11527&Prime; img_size=\u00a0\u00bbfull\u00a0\u00bb alignment=\u00a0\u00bbcenter\u00a0\u00bb onclick=\u00a0\u00bbcustom_link\u00a0\u00bb mkd_css_animation=\u00a0\u00bb\u00a0\u00bb set_shader=\u00a0\u00bbno\u00a0\u00bb set_popup=\u00a0\u00bbno\u00a0\u00bb animate_image_on_hover=\u00a0\u00bbno\u00a0\u00bb link=\u00a0\u00bb\/fr\/produits\/\u00a0\u00bb][vc_separator type=\u00a0\u00bbtransparent\u00a0\u00bb up=\u00a0\u00bb0&Prime; up_style=\u00a0\u00bbpx\u00a0\u00bb down=\u00a0\u00bb30&Prime; down_style=\u00a0\u00bbpx\u00a0\u00bb]<div class=\"custom_font_holder  \" style=\"font-family: Lato; font-size: 24px; line-height: 25px; font-style: normal; font-weight: 700; color: #ffffff; text-decoration: none; letter-spacing: 0px;; text-transform: uppercase; text-align: center\" data-font-size=24 data-line-height=25 ><div  ><p><a href=\"https:\/\/grupac.es\/fr\/produits\/\">LEGUMES FRAIS<\/a><\/p>\n<\/div><\/div>[vc_separator type=\u00a0\u00bbsmall\u00a0\u00bb position=\u00a0\u00bbcenter\u00a0\u00bb color=\u00a0\u00bbrgba(255,255,255,0.4)\u00a0\u00bb width=\u00a0\u00bb28&Prime; thickness=\u00a0\u00bb2&Prime; up=\u00a0\u00bb15&Prime; up_style=\u00a0\u00bbpx\u00a0\u00bb down=\u00a0\u00bb13&Prime; down_style=\u00a0\u00bbpx\u00a0\u00bb][\/vc_column_inner][\/vc_row_inner][\/vc_column][\/vc_row][vc_row row_type=\u00a0\u00bbrow\u00a0\u00bb use_row_as_full_screen_section=\u00a0\u00bbno\u00a0\u00bb type=\u00a0\u00bbgrid\u00a0\u00bb oblique_section=\u00a0\u00bbno\u00a0\u00bb text_align=\u00a0\u00bbleft\u00a0\u00bb Overflow=\u00a0\u00bb\u00a0\u00bb triangle_shape=\u00a0\u00bbno\u00a0\u00bb padding_top=\u00a0\u00bb85&Prime; padding_bottom=\u00a0\u00bb0&Prime; css_animation=\u00a0\u00bb\u00a0\u00bb overflow=\u00a0\u00bb\u00a0\u00bb box_shadow_on_row=\u00a0\u00bbno\u00a0\u00bb][vc_column offset=\u00a0\u00bbvc_col-lg-6 vc_col-md-6 vc_col-xs-12&Prime;][vc_separator type=\u00a0\u00bbtransparent\u00a0\u00bb up=\u00a0\u00bb8&Prime; up_style=\u00a0\u00bbpx\u00a0\u00bb down=\u00a0\u00bb0&Prime; down_style=\u00a0\u00bbpx\u00a0\u00bb][vc_single_image image=\u00a0\u00bb11640&Prime; img_size=\u00a0\u00bbfull\u00a0\u00bb mkd_css_animation=\u00a0\u00bbelement_from_fade\u00a0\u00bb transition_delay=\u00a0\u00bb0.4&Prime; set_shader=\u00a0\u00bbno\u00a0\u00bb set_popup=\u00a0\u00bbno\u00a0\u00bb animate_image_on_hover=\u00a0\u00bbno\u00a0\u00bb][vc_separator type=\u00a0\u00bbtransparent\u00a0\u00bb up=\u00a0\u00bb50&Prime; up_style=\u00a0\u00bbpx\u00a0\u00bb down=\u00a0\u00bb0&Prime; down_style=\u00a0\u00bbpx\u00a0\u00bb][\/vc_column][vc_column offset=\u00a0\u00bbvc_col-lg-6 vc_col-md-6 vc_col-xs-12&Prime;][vc_single_image image=\u00a0\u00bb6261&Prime; img_size=\u00a0\u00bbfull\u00a0\u00bb mkd_css_animation=\u00a0\u00bb\u00a0\u00bb set_shader=\u00a0\u00bbno\u00a0\u00bb set_popup=\u00a0\u00bbno\u00a0\u00bb animate_image_on_hover=\u00a0\u00bbno\u00a0\u00bb][vc_separator type=\u00a0\u00bbtransparent\u00a0\u00bb up=\u00a0\u00bb17&Prime; up_style=\u00a0\u00bbpx\u00a0\u00bb down=\u00a0\u00bb0&Prime; down_style=\u00a0\u00bbpx\u00a0\u00bb]<div class=\"custom_font_holder  \" style=\"font-family: Lato; font-size: 30px; line-height: 35px; font-style: normal; font-weight: 900; color: #283033; text-decoration: none; letter-spacing: 1px;; text-transform: uppercase; text-align: left\" data-font-size=30 data-line-height=35 ><div  ><p>Calendrier <span style=\"color: #fb5e05;\">&amp;<\/span> Distribution<\/p>\n<\/div><\/div>[vc_separator type=\u00a0\u00bbtransparent\u00a0\u00bb up=\u00a0\u00bb9&Prime; up_style=\u00a0\u00bbpx\u00a0\u00bb down=\u00a0\u00bb0&Prime; down_style=\u00a0\u00bbpx\u00a0\u00bb][vc_column_text]<strong>Grupac<\/strong> distribue et commercialise une large gamme d\u2019agrumes, fruits et legumes frais. Consultez notre calendrier de distribution orient\u00e9 par vari\u00e9t\u00e9s.[\/vc_column_text][vc_separator type=\u00a0\u00bbtransparent\u00a0\u00bb up=\u00a0\u00bb28&Prime; up_style=\u00a0\u00bbpx\u00a0\u00bb down=\u00a0\u00bb0&Prime; down_style=\u00a0\u00bbpx\u00a0\u00bb]<a href=\"\/fr\/calendrier-agrumes\/\" target=\"_self\" data-hover-text=\"AGRUMES\" class=\"qbutton  rotate_from_bottom icon_right\" style=\"margin: 10px 10px 10px 10px; background-color: #fb5e05;\"><span class=\"text_wrap\" data-text=\"AGRUMES\"  style=\"background-color:#fb5e05; \">AGRUMES<\/span><\/a><a href=\"\/fr\/calendrier-des-fruits-de-saison\/\" target=\"_self\" data-hover-text=\"FRUITS DE SAISON\" class=\"qbutton  rotate_from_bottom icon_right\" style=\"margin: 10px 10px 10px 10px; background-color: #fb5e05;\"><span class=\"text_wrap\" data-text=\"FRUITS DE SAISON\"  style=\"background-color:#fb5e05; \">FRUITS DE SAISON<\/span><\/a><a href=\"\/fr\/calendrier-des-legumes-frais\/\" target=\"_self\" data-hover-text=\"LEGUMES FRAIS\" class=\"qbutton  rotate_from_bottom icon_right\" style=\"margin: 10px 10px 10px 10px; background-color: #fb5e05;\"><span class=\"text_wrap\" data-text=\"LEGUMES FRAIS\"  style=\"background-color:#fb5e05; \">LEGUMES FRAIS<\/span><\/a>[\/vc_column][\/vc_row][vc_row row_type=\u00a0\u00bbrow\u00a0\u00bb use_row_as_full_screen_section=\u00a0\u00bbno\u00a0\u00bb type=\u00a0\u00bbgrid\u00a0\u00bb oblique_section=\u00a0\u00bbno\u00a0\u00bb text_align=\u00a0\u00bbcenter\u00a0\u00bb Overflow=\u00a0\u00bb\u00a0\u00bb triangle_shape=\u00a0\u00bbno\u00a0\u00bb background_color=\u00a0\u00bb#fb5e05&Prime; padding_top=\u00a0\u00bb43&Prime; padding_bottom=\u00a0\u00bb43&Prime; css_animation=\u00a0\u00bb\u00a0\u00bb overflow=\u00a0\u00bb\u00a0\u00bb box_shadow_on_row=\u00a0\u00bbno\u00a0\u00bb][vc_column width=\u00a0\u00bb2\/3&Prime;][vc_column_text]<\/p>\n<h3><span style=\"color: #ffffff;\">Si vous souhaitez plus d\u2019information sur nos produits, consultez nos \u00e9quipes de vente, toujours \u00e0 votre service.<\/span><\/h3>\n<p>[\/vc_column_text][\/vc_column][vc_column width=\u00a0\u00bb1\/3&Prime;]<a href=\"\/fr\/contact\/\" target=\"_self\"  class=\"qbutton  white fill_from_bottom icon_right\" style=\"color: #fb5e05; \"><span class=\"text_wrap\" data-text=\"Contactez-nous\"  style=\"\">Contactez-nous<\/span><span class=\"a_overlay\" style=\"\"><\/span><\/a>[\/vc_column][\/vc_row]<\/p>\n","protected":false},"excerpt":{"rendered":"<p>[vc_row row_type=\u00a0\u00bbrow\u00a0\u00bb use_row_as_full_screen_section=\u00a0\u00bbno\u00a0\u00bb type=\u00a0\u00bbgrid\u00a0\u00bb oblique_section=\u00a0\u00bbno\u00a0\u00bb text_align=\u00a0\u00bbcenter\u00a0\u00bb Overflow=\u00a0\u00bb\u00a0\u00bb triangle_shape=\u00a0\u00bbno\u00a0\u00bb padding_top=\u00a0\u00bb50&Prime; padding_bottom=\u00a0\u00bb25&Prime; css_animation=\u00a0\u00bb\u00a0\u00bb overflow=\u00a0\u00bb\u00a0\u00bb box_shadow_on_row=\u00a0\u00bbno\u00a0\u00bb][vc_column][vc_column_text] BIENVENUE A GRUPAC [\/vc_column_text][vc_separator type=\u00a0\u00bbtransparent\u00a0\u00bb up=\u00a0\u00bb18&Prime; up_style=\u00a0\u00bbpx\u00a0\u00bb down=\u00a0\u00bb0&Prime; down_style=\u00a0\u00bbpx\u00a0\u00bb][vc_column_text] Depuis ses d\u00e9buts\u00a0 en 1973, Grupo Agr\u00edcola Grupac se situe comme une entreprise reconnue et respect\u00e9e dans le secteur des fruits et l\u00e9gumes&#8230;<\/p>\n","protected":false},"author":2,"featured_media":0,"parent":0,"menu_order":0,"comment_status":"closed","ping_status":"closed","template":"full_width.php","meta":{"footnotes":""},"yoast_head":"<!-- This site is optimized with the Yoast SEO plugin v21.4 - https:\/\/yoast.com\/wordpress\/plugins\/seo\/ -->\n<title>Intro - grupac.es<\/title>\n<meta name=\"robots\" content=\"index, follow, max-snippet:-1, max-image-preview:large, max-video-preview:-1\" \/>\n<link rel=\"canonical\" href=\"https:\/\/grupac.es\/fr\/\" \/>\n<meta property=\"og:locale\" content=\"fr_FR\" \/>\n<meta property=\"og:type\" content=\"article\" \/>\n<meta property=\"og:title\" content=\"Intro - grupac.es\" \/>\n<meta property=\"og:description\" content=\"[vc_row row_type=\u00a0\u00bbrow\u00a0\u00bb use_row_as_full_screen_section=\u00a0\u00bbno\u00a0\u00bb type=\u00a0\u00bbgrid\u00a0\u00bb oblique_section=\u00a0\u00bbno\u00a0\u00bb text_align=\u00a0\u00bbcenter\u00a0\u00bb Overflow=\u00a0\u00bb\u00a0\u00bb triangle_shape=\u00a0\u00bbno\u00a0\u00bb padding_top=\u00a0\u00bb50&Prime; padding_bottom=\u00a0\u00bb25&Prime; css_animation=\u00a0\u00bb\u00a0\u00bb overflow=\u00a0\u00bb\u00a0\u00bb box_shadow_on_row=\u00a0\u00bbno\u00a0\u00bb][vc_column][vc_column_text] BIENVENUE A GRUPAC [\/vc_column_text][vc_separator type=\u00a0\u00bbtransparent\u00a0\u00bb up=\u00a0\u00bb18&Prime; up_style=\u00a0\u00bbpx\u00a0\u00bb down=\u00a0\u00bb0&Prime; down_style=\u00a0\u00bbpx\u00a0\u00bb][vc_column_text] Depuis ses d\u00e9buts\u00a0 en 1973, Grupo Agr\u00edcola Grupac se situe comme une entreprise reconnue et respect\u00e9e dans le secteur des fruits et l\u00e9gumes...\" \/>\n<meta property=\"og:url\" content=\"https:\/\/grupac.es\/fr\/\" \/>\n<meta property=\"og:site_name\" content=\"grupac.es\" \/>\n<meta property=\"article:modified_time\" content=\"2019-10-03T09:22:56+00:00\" \/>\n<meta name=\"twitter:card\" content=\"summary_large_image\" \/>\n<meta name=\"twitter:label1\" content=\"Dur\u00e9e de lecture estim\u00e9e\" \/>\n\t<meta name=\"twitter:data1\" content=\"5 minutes\" \/>\n<script type=\"application\/ld+json\" class=\"yoast-schema-graph\">{\"@context\":\"https:\/\/schema.org\",\"@graph\":[{\"@type\":\"WebPage\",\"@id\":\"https:\/\/grupac.es\/fr\/\",\"url\":\"https:\/\/grupac.es\/fr\/\",\"name\":\"Intro - grupac.es\",\"isPartOf\":{\"@id\":\"https:\/\/grupac.es\/fr\/#website\"},\"datePublished\":\"2019-10-02T21:25:13+00:00\",\"dateModified\":\"2019-10-03T09:22:56+00:00\",\"breadcrumb\":{\"@id\":\"https:\/\/grupac.es\/fr\/#breadcrumb\"},\"inLanguage\":\"fr-FR\",\"potentialAction\":[{\"@type\":\"ReadAction\",\"target\":[\"https:\/\/grupac.es\/fr\/\"]}]},{\"@type\":\"BreadcrumbList\",\"@id\":\"https:\/\/grupac.es\/fr\/#breadcrumb\",\"itemListElement\":[{\"@type\":\"ListItem\",\"position\":1,\"name\":\"Portada\",\"item\":\"https:\/\/grupac.es\/fr\/\"},{\"@type\":\"ListItem\",\"position\":2,\"name\":\"Intro\"}]},{\"@type\":\"WebSite\",\"@id\":\"https:\/\/grupac.es\/fr\/#website\",\"url\":\"https:\/\/grupac.es\/fr\/\",\"name\":\"grupac.es\",\"description\":\"Grupo Agricola\",\"potentialAction\":[{\"@type\":\"SearchAction\",\"target\":{\"@type\":\"EntryPoint\",\"urlTemplate\":\"https:\/\/grupac.es\/fr\/?s={search_term_string}\"},\"query-input\":\"required name=search_term_string\"}],\"inLanguage\":\"fr-FR\"}]}<\/script>\n<!-- \/ Yoast SEO plugin. -->","yoast_head_json":{"title":"Intro - grupac.es","robots":{"index":"index","follow":"follow","max-snippet":"max-snippet:-1","max-image-preview":"max-image-preview:large","max-video-preview":"max-video-preview:-1"},"canonical":"https:\/\/grupac.es\/fr\/","og_locale":"fr_FR","og_type":"article","og_title":"Intro - grupac.es","og_description":"[vc_row row_type=\u00a0\u00bbrow\u00a0\u00bb use_row_as_full_screen_section=\u00a0\u00bbno\u00a0\u00bb type=\u00a0\u00bbgrid\u00a0\u00bb oblique_section=\u00a0\u00bbno\u00a0\u00bb text_align=\u00a0\u00bbcenter\u00a0\u00bb Overflow=\u00a0\u00bb\u00a0\u00bb triangle_shape=\u00a0\u00bbno\u00a0\u00bb padding_top=\u00a0\u00bb50&Prime; padding_bottom=\u00a0\u00bb25&Prime; css_animation=\u00a0\u00bb\u00a0\u00bb overflow=\u00a0\u00bb\u00a0\u00bb box_shadow_on_row=\u00a0\u00bbno\u00a0\u00bb][vc_column][vc_column_text] BIENVENUE A GRUPAC [\/vc_column_text][vc_separator type=\u00a0\u00bbtransparent\u00a0\u00bb up=\u00a0\u00bb18&Prime; up_style=\u00a0\u00bbpx\u00a0\u00bb down=\u00a0\u00bb0&Prime; down_style=\u00a0\u00bbpx\u00a0\u00bb][vc_column_text] Depuis ses d\u00e9buts\u00a0 en 1973, Grupo Agr\u00edcola Grupac se situe comme une entreprise reconnue et respect\u00e9e dans le secteur des fruits et l\u00e9gumes...","og_url":"https:\/\/grupac.es\/fr\/","og_site_name":"grupac.es","article_modified_time":"2019-10-03T09:22:56+00:00","twitter_card":"summary_large_image","twitter_misc":{"Dur\u00e9e de lecture estim\u00e9e":"5 minutes"},"schema":{"@context":"https:\/\/schema.org","@graph":[{"@type":"WebPage","@id":"https:\/\/grupac.es\/fr\/","url":"https:\/\/grupac.es\/fr\/","name":"Intro - grupac.es","isPartOf":{"@id":"https:\/\/grupac.es\/fr\/#website"},"datePublished":"2019-10-02T21:25:13+00:00","dateModified":"2019-10-03T09:22:56+00:00","breadcrumb":{"@id":"https:\/\/grupac.es\/fr\/#breadcrumb"},"inLanguage":"fr-FR","potentialAction":[{"@type":"ReadAction","target":["https:\/\/grupac.es\/fr\/"]}]},{"@type":"BreadcrumbList","@id":"https:\/\/grupac.es\/fr\/#breadcrumb","itemListElement":[{"@type":"ListItem","position":1,"name":"Portada","item":"https:\/\/grupac.es\/fr\/"},{"@type":"ListItem","position":2,"name":"Intro"}]},{"@type":"WebSite","@id":"https:\/\/grupac.es\/fr\/#website","url":"https:\/\/grupac.es\/fr\/","name":"grupac.es","description":"Grupo Agricola","potentialAction":[{"@type":"SearchAction","target":{"@type":"EntryPoint","urlTemplate":"https:\/\/grupac.es\/fr\/?s={search_term_string}"},"query-input":"required name=search_term_string"}],"inLanguage":"fr-FR"}]}},"_links":{"self":[{"href":"https:\/\/grupac.es\/fr\/wp-json\/wp\/v2\/pages\/12044"}],"collection":[{"href":"https:\/\/grupac.es\/fr\/wp-json\/wp\/v2\/pages"}],"about":[{"href":"https:\/\/grupac.es\/fr\/wp-json\/wp\/v2\/types\/page"}],"author":[{"embeddable":true,"href":"https:\/\/grupac.es\/fr\/wp-json\/wp\/v2\/users\/2"}],"replies":[{"embeddable":true,"href":"https:\/\/grupac.es\/fr\/wp-json\/wp\/v2\/comments?post=12044"}],"version-history":[{"count":6,"href":"https:\/\/grupac.es\/fr\/wp-json\/wp\/v2\/pages\/12044\/revisions"}],"predecessor-version":[{"id":12289,"href":"https:\/\/grupac.es\/fr\/wp-json\/wp\/v2\/pages\/12044\/revisions\/12289"}],"wp:attachment":[{"href":"https:\/\/grupac.es\/fr\/wp-json\/wp\/v2\/media?parent=12044"}],"curies":[{"name":"wp","href":"https:\/\/api.w.org\/{rel}","templated":true}]}}