{"id":12115,"date":"2019-10-02T22:31:06","date_gmt":"2019-10-02T22:31:06","guid":{"rendered":"https:\/\/grupac.es\/?page_id=12115"},"modified":"2019-10-02T22:42:38","modified_gmt":"2019-10-02T22:42:38","slug":"services","status":"publish","type":"page","link":"https:\/\/grupac.es\/fr\/services\/","title":{"rendered":"Services"},"content":{"rendered":"<p>[vc_row row_type=\u00a0\u00bbrow\u00a0\u00bb use_row_as_full_screen_section=\u00a0\u00bbno\u00a0\u00bb type=\u00a0\u00bbgrid\u00a0\u00bb oblique_section=\u00a0\u00bbno\u00a0\u00bb text_align=\u00a0\u00bbcenter\u00a0\u00bb Overflow=\u00a0\u00bb\u00a0\u00bb triangle_shape=\u00a0\u00bbno\u00a0\u00bb padding_top=\u00a0\u00bb110&Prime; padding_bottom=\u00a0\u00bb60&Prime; css_animation=\u00a0\u00bb\u00a0\u00bb overflow=\u00a0\u00bb\u00a0\u00bb box_shadow_on_row=\u00a0\u00bbno\u00a0\u00bb][vc_column]<div class=\"mkd_separator_with_icon with_icon  center \" style=\"margin-top:0px;margin-bottom:0px\"><div class=\"mkd_icon_holder\" style=\"bottom:-19px;\"><div class=\"mkd_separator_icon_holder\"><div class=\"mkd_line_before\"  style=\"border:none;\"><\/div><span class=\"mkd_icon_shade mkd_icon_shortcode simple_line_icons circle   \" data-hover-background-color=#fe4743  style=\"background-color: #fb5e05;border-width: 0px!important; border-style:solid;line-height:38px;width:38px;height:38px;\"><i class=\"mkd_icon_simple_line_icon icon-star \" style=\"color: #ffffff;line-height:38px;font-size: 20px; \" data-color=\"#ffffff\" data-hover-color=\"#ffffff\" ><\/i><\/span><div class=\"mkd_line_after\"  style=\"border:none;\"><\/div><\/div><\/div><\/div>[no_elements_holder background_color=\u00a0\u00bb#f3f3f4&Prime; number_of_columns=\u00a0\u00bbone_column\u00a0\u00bb switch_to_one_column=\u00a0\u00bb\u00a0\u00bb alignment_one_column=\u00a0\u00bbcenter\u00a0\u00bb][no_elements_holder_item background_color=\u00a0\u00bb#f3f3f4&Prime; item_padding=\u00a0\u00bb48px 50px 52px 50px\u00a0\u00bb aligment=\u00a0\u00bbcenter\u00a0\u00bb vertical_alignment=\u00a0\u00bbmiddle\u00a0\u00bb advanced_animations=\u00a0\u00bbno\u00a0\u00bb item_padding_1300_1600=\u00a0\u00bb48px 50px 52px 50px\u00a0\u00bb item_padding_600_768=\u00a0\u00bb8% 3% 7% 3%\u00a0\u00bb item_padding_480_600=\u00a0\u00bb11% 5% 10% 5%\u00a0\u00bb item_padding_480=\u00a0\u00bb16% 5% 10% 5%\u00a0\u00bb elemnts_holder_frame=\u00a0\u00bbno\u00a0\u00bb item_padding_1000_1300=\u00a0\u00bb48px 50px 52px 50px\u00a0\u00bb item_padding_768_1000=\u00a0\u00bb8% 3% 8% 3%\u00a0\u00bb][vc_column_text]<\/p>\n<h5 style=\"text-align: center;\"><strong>Nous produisons, conditionnons et commercialisons toute une gamme de produits frais<\/strong>, destin\u00e9s \u00e0 la grande distribution, ainsi qu&rsquo;aux importateurs et sp\u00e9cialistes en fruits et l\u00e9gumes. Notre \u00e9ventail et volume en produits frais augmentent, gr\u00e2ce \u00e0 notre reseau de partenaires certifi\u00e9s, qui sous nos directrices apportent leurs productions \u00e0 nos circuits, ameliorant ainsi nos services du jour.<\/h5>\n<p>[\/vc_column_text][\/no_elements_holder_item][\/no_elements_holder][\/vc_column][\/vc_row][vc_row row_type=\u00a0\u00bbrow\u00a0\u00bb use_row_as_full_screen_section=\u00a0\u00bbno\u00a0\u00bb type=\u00a0\u00bbgrid\u00a0\u00bb oblique_section=\u00a0\u00bbno\u00a0\u00bb text_align=\u00a0\u00bbleft\u00a0\u00bb Overflow=\u00a0\u00bb\u00a0\u00bb triangle_shape=\u00a0\u00bbno\u00a0\u00bb padding_top=\u00a0\u00bb20&Prime; padding_bottom=\u00a0\u00bb90&Prime; css_animation=\u00a0\u00bb\u00a0\u00bb overflow=\u00a0\u00bb\u00a0\u00bb box_shadow_on_row=\u00a0\u00bbno\u00a0\u00bb][vc_column width=\u00a0\u00bb1\/3&Prime; offset=\u00a0\u00bbvc_col-lg-4 vc_col-md-4&Prime;]<div class='service_table_holder  icon_image_on_top'><ul class='service_table_inner' style=' border-style:solid;border-width:1px;border-color:#e9e9e9; '  data-icon-padding-top='70' data-icon-padding-bottom='70'><li  data-icon-padding-top='70' data-icon-padding-bottom='70' class='service_image' style='background-image: url(https:\/\/grupac.es\/wp-content\/uploads\/2019\/07\/produccion-grupac.jpg);border-bottom-width:1px;border-bottom-style:solid;border-bottom-color:#e9e9e9;'><\/li><li class='service_table_title_holder ' style=''><div class='service_table_title_inner'><h4 class='service_title' style=''>Production<\/h4><\/div><\/li><li class='service_table_subtitle_holder'><div class='service_table_subtitle_inner'><\/div><\/li><li class='service_table_content' ><\/li><\/ul><\/div>[vc_separator type=\u00a0\u00bbtransparent\u00a0\u00bb up=\u00a0\u00bb60&Prime; up_style=\u00a0\u00bbpx\u00a0\u00bb down=\u00a0\u00bb0&Prime; down_style=\u00a0\u00bbpx\u00a0\u00bb][\/vc_column][vc_column width=\u00a0\u00bb1\/3&Prime; offset=\u00a0\u00bbvc_col-lg-4 vc_col-md-4&Prime;]<div class='service_table_holder  icon_image_on_top'><ul class='service_table_inner' style=' border-style:solid;border-width:1px;border-color:#e9e9e9; '  data-icon-padding-top='70' data-icon-padding-bottom='70'><li  data-icon-padding-top='70' data-icon-padding-bottom='70' class='service_image' style='background-image: url(https:\/\/grupac.es\/wp-content\/uploads\/2019\/07\/confeccion-grupac.jpg);border-bottom-width:1px;border-bottom-style:solid;border-bottom-color:#e9e9e9;'><\/li><li class='service_table_title_holder ' style=''><div class='service_table_title_inner'><h4 class='service_title' style=''>Conditionnement <\/h4><\/div><\/li><li class='service_table_subtitle_holder'><div class='service_table_subtitle_inner'><\/div><\/li><li class='service_table_content' ><\/li><\/ul><\/div>[vc_separator type=\u00a0\u00bbtransparent\u00a0\u00bb up=\u00a0\u00bb60&Prime; up_style=\u00a0\u00bbpx\u00a0\u00bb down=\u00a0\u00bb0&Prime; down_style=\u00a0\u00bbpx\u00a0\u00bb][\/vc_column][vc_column width=\u00a0\u00bb1\/3&Prime; offset=\u00a0\u00bbvc_col-lg-4 vc_col-md-4&Prime;]<div class='service_table_holder  icon_image_on_top'><ul class='service_table_inner' style=' border-style:solid;border-width:1px;border-color:#e9e9e9; '  data-icon-padding-top='70' data-icon-padding-bottom='70'><li  data-icon-padding-top='70' data-icon-padding-bottom='70' class='service_image' style='background-image: url(https:\/\/grupac.es\/wp-content\/uploads\/2019\/10\/comercializacion-grupac.jpg);border-bottom-width:1px;border-bottom-style:solid;border-bottom-color:#e9e9e9;'><\/li><li class='service_table_title_holder ' style=''><div class='service_table_title_inner'><h4 class='service_title' style=''>Commercialisation <\/h4><\/div><\/li><li class='service_table_subtitle_holder'><div class='service_table_subtitle_inner'><\/div><\/li><li class='service_table_content' ><\/li><\/ul><\/div>[vc_separator type=\u00a0\u00bbtransparent\u00a0\u00bb up=\u00a0\u00bb60&Prime; up_style=\u00a0\u00bbpx\u00a0\u00bb down=\u00a0\u00bb0&Prime; down_style=\u00a0\u00bbpx\u00a0\u00bb][\/vc_column][\/vc_row]<\/p>\n","protected":false},"excerpt":{"rendered":"<p>[vc_row row_type=\u00a0\u00bbrow\u00a0\u00bb use_row_as_full_screen_section=\u00a0\u00bbno\u00a0\u00bb type=\u00a0\u00bbgrid\u00a0\u00bb oblique_section=\u00a0\u00bbno\u00a0\u00bb text_align=\u00a0\u00bbcenter\u00a0\u00bb Overflow=\u00a0\u00bb\u00a0\u00bb triangle_shape=\u00a0\u00bbno\u00a0\u00bb padding_top=\u00a0\u00bb110&Prime; padding_bottom=\u00a0\u00bb60&Prime; css_animation=\u00a0\u00bb\u00a0\u00bb overflow=\u00a0\u00bb\u00a0\u00bb box_shadow_on_row=\u00a0\u00bbno\u00a0\u00bb][vc_column][no_elements_holder background_color=\u00a0\u00bb#f3f3f4&Prime; number_of_columns=\u00a0\u00bbone_column\u00a0\u00bb switch_to_one_column=\u00a0\u00bb\u00a0\u00bb alignment_one_column=\u00a0\u00bbcenter\u00a0\u00bb][no_elements_holder_item background_color=\u00a0\u00bb#f3f3f4&Prime; item_padding=\u00a0\u00bb48px 50px 52px 50px\u00a0\u00bb aligment=\u00a0\u00bbcenter\u00a0\u00bb vertical_alignment=\u00a0\u00bbmiddle\u00a0\u00bb advanced_animations=\u00a0\u00bbno\u00a0\u00bb item_padding_1300_1600=\u00a0\u00bb48px 50px 52px 50px\u00a0\u00bb item_padding_600_768=\u00a0\u00bb8% 3% 7% 3%\u00a0\u00bb item_padding_480_600=\u00a0\u00bb11% 5% 10% 5%\u00a0\u00bb item_padding_480=\u00a0\u00bb16% 5% 10% 5%\u00a0\u00bb elemnts_holder_frame=\u00a0\u00bbno\u00a0\u00bb item_padding_1000_1300=\u00a0\u00bb48px 50px 52px&#8230;<\/p>\n","protected":false},"author":2,"featured_media":0,"parent":0,"menu_order":0,"comment_status":"open","ping_status":"closed","template":"full_width.php","meta":{"footnotes":""},"yoast_head":"<!-- This site is optimized with the Yoast SEO plugin v21.4 - https:\/\/yoast.com\/wordpress\/plugins\/seo\/ -->\n<title>Services - grupac.es<\/title>\n<meta name=\"robots\" content=\"index, follow, max-snippet:-1, max-image-preview:large, max-video-preview:-1\" \/>\n<link rel=\"canonical\" href=\"https:\/\/grupac.es\/fr\/services\/\" \/>\n<meta property=\"og:locale\" content=\"fr_FR\" \/>\n<meta property=\"og:type\" content=\"article\" \/>\n<meta property=\"og:title\" content=\"Services - grupac.es\" \/>\n<meta property=\"og:description\" content=\"[vc_row row_type=\u00a0\u00bbrow\u00a0\u00bb use_row_as_full_screen_section=\u00a0\u00bbno\u00a0\u00bb type=\u00a0\u00bbgrid\u00a0\u00bb oblique_section=\u00a0\u00bbno\u00a0\u00bb text_align=\u00a0\u00bbcenter\u00a0\u00bb Overflow=\u00a0\u00bb\u00a0\u00bb triangle_shape=\u00a0\u00bbno\u00a0\u00bb padding_top=\u00a0\u00bb110&Prime; padding_bottom=\u00a0\u00bb60&Prime; css_animation=\u00a0\u00bb\u00a0\u00bb overflow=\u00a0\u00bb\u00a0\u00bb box_shadow_on_row=\u00a0\u00bbno\u00a0\u00bb][vc_column][no_elements_holder background_color=\u00a0\u00bb#f3f3f4&Prime; number_of_columns=\u00a0\u00bbone_column\u00a0\u00bb switch_to_one_column=\u00a0\u00bb\u00a0\u00bb alignment_one_column=\u00a0\u00bbcenter\u00a0\u00bb][no_elements_holder_item background_color=\u00a0\u00bb#f3f3f4&Prime; item_padding=\u00a0\u00bb48px 50px 52px 50px\u00a0\u00bb aligment=\u00a0\u00bbcenter\u00a0\u00bb vertical_alignment=\u00a0\u00bbmiddle\u00a0\u00bb advanced_animations=\u00a0\u00bbno\u00a0\u00bb item_padding_1300_1600=\u00a0\u00bb48px 50px 52px 50px\u00a0\u00bb item_padding_600_768=\u00a0\u00bb8% 3% 7% 3%\u00a0\u00bb item_padding_480_600=\u00a0\u00bb11% 5% 10% 5%\u00a0\u00bb item_padding_480=\u00a0\u00bb16% 5% 10% 5%\u00a0\u00bb elemnts_holder_frame=\u00a0\u00bbno\u00a0\u00bb item_padding_1000_1300=\u00a0\u00bb48px 50px 52px...\" \/>\n<meta property=\"og:url\" content=\"https:\/\/grupac.es\/fr\/services\/\" \/>\n<meta property=\"og:site_name\" content=\"grupac.es\" \/>\n<meta property=\"article:modified_time\" content=\"2019-10-02T22:42:38+00:00\" \/>\n<meta name=\"twitter:card\" content=\"summary_large_image\" \/>\n<meta name=\"twitter:label1\" content=\"Dur\u00e9e de lecture estim\u00e9e\" \/>\n\t<meta name=\"twitter:data1\" content=\"3 minutes\" \/>\n<script type=\"application\/ld+json\" class=\"yoast-schema-graph\">{\"@context\":\"https:\/\/schema.org\",\"@graph\":[{\"@type\":\"WebPage\",\"@id\":\"https:\/\/grupac.es\/fr\/services\/\",\"url\":\"https:\/\/grupac.es\/fr\/services\/\",\"name\":\"Services - grupac.es\",\"isPartOf\":{\"@id\":\"https:\/\/grupac.es\/fr\/#website\"},\"datePublished\":\"2019-10-02T22:31:06+00:00\",\"dateModified\":\"2019-10-02T22:42:38+00:00\",\"breadcrumb\":{\"@id\":\"https:\/\/grupac.es\/fr\/services\/#breadcrumb\"},\"inLanguage\":\"fr-FR\",\"potentialAction\":[{\"@type\":\"ReadAction\",\"target\":[\"https:\/\/grupac.es\/fr\/services\/\"]}]},{\"@type\":\"BreadcrumbList\",\"@id\":\"https:\/\/grupac.es\/fr\/services\/#breadcrumb\",\"itemListElement\":[{\"@type\":\"ListItem\",\"position\":1,\"name\":\"Portada\",\"item\":\"https:\/\/grupac.es\/fr\/\"},{\"@type\":\"ListItem\",\"position\":2,\"name\":\"Services\"}]},{\"@type\":\"WebSite\",\"@id\":\"https:\/\/grupac.es\/fr\/#website\",\"url\":\"https:\/\/grupac.es\/fr\/\",\"name\":\"grupac.es\",\"description\":\"Grupo Agricola\",\"potentialAction\":[{\"@type\":\"SearchAction\",\"target\":{\"@type\":\"EntryPoint\",\"urlTemplate\":\"https:\/\/grupac.es\/fr\/?s={search_term_string}\"},\"query-input\":\"required name=search_term_string\"}],\"inLanguage\":\"fr-FR\"}]}<\/script>\n<!-- \/ Yoast SEO plugin. -->","yoast_head_json":{"title":"Services - grupac.es","robots":{"index":"index","follow":"follow","max-snippet":"max-snippet:-1","max-image-preview":"max-image-preview:large","max-video-preview":"max-video-preview:-1"},"canonical":"https:\/\/grupac.es\/fr\/services\/","og_locale":"fr_FR","og_type":"article","og_title":"Services - grupac.es","og_description":"[vc_row row_type=\u00a0\u00bbrow\u00a0\u00bb use_row_as_full_screen_section=\u00a0\u00bbno\u00a0\u00bb type=\u00a0\u00bbgrid\u00a0\u00bb oblique_section=\u00a0\u00bbno\u00a0\u00bb text_align=\u00a0\u00bbcenter\u00a0\u00bb Overflow=\u00a0\u00bb\u00a0\u00bb triangle_shape=\u00a0\u00bbno\u00a0\u00bb padding_top=\u00a0\u00bb110&Prime; padding_bottom=\u00a0\u00bb60&Prime; css_animation=\u00a0\u00bb\u00a0\u00bb overflow=\u00a0\u00bb\u00a0\u00bb box_shadow_on_row=\u00a0\u00bbno\u00a0\u00bb][vc_column][no_elements_holder background_color=\u00a0\u00bb#f3f3f4&Prime; number_of_columns=\u00a0\u00bbone_column\u00a0\u00bb switch_to_one_column=\u00a0\u00bb\u00a0\u00bb alignment_one_column=\u00a0\u00bbcenter\u00a0\u00bb][no_elements_holder_item background_color=\u00a0\u00bb#f3f3f4&Prime; item_padding=\u00a0\u00bb48px 50px 52px 50px\u00a0\u00bb aligment=\u00a0\u00bbcenter\u00a0\u00bb vertical_alignment=\u00a0\u00bbmiddle\u00a0\u00bb advanced_animations=\u00a0\u00bbno\u00a0\u00bb item_padding_1300_1600=\u00a0\u00bb48px 50px 52px 50px\u00a0\u00bb item_padding_600_768=\u00a0\u00bb8% 3% 7% 3%\u00a0\u00bb item_padding_480_600=\u00a0\u00bb11% 5% 10% 5%\u00a0\u00bb item_padding_480=\u00a0\u00bb16% 5% 10% 5%\u00a0\u00bb elemnts_holder_frame=\u00a0\u00bbno\u00a0\u00bb item_padding_1000_1300=\u00a0\u00bb48px 50px 52px...","og_url":"https:\/\/grupac.es\/fr\/services\/","og_site_name":"grupac.es","article_modified_time":"2019-10-02T22:42:38+00:00","twitter_card":"summary_large_image","twitter_misc":{"Dur\u00e9e de lecture estim\u00e9e":"3 minutes"},"schema":{"@context":"https:\/\/schema.org","@graph":[{"@type":"WebPage","@id":"https:\/\/grupac.es\/fr\/services\/","url":"https:\/\/grupac.es\/fr\/services\/","name":"Services - grupac.es","isPartOf":{"@id":"https:\/\/grupac.es\/fr\/#website"},"datePublished":"2019-10-02T22:31:06+00:00","dateModified":"2019-10-02T22:42:38+00:00","breadcrumb":{"@id":"https:\/\/grupac.es\/fr\/services\/#breadcrumb"},"inLanguage":"fr-FR","potentialAction":[{"@type":"ReadAction","target":["https:\/\/grupac.es\/fr\/services\/"]}]},{"@type":"BreadcrumbList","@id":"https:\/\/grupac.es\/fr\/services\/#breadcrumb","itemListElement":[{"@type":"ListItem","position":1,"name":"Portada","item":"https:\/\/grupac.es\/fr\/"},{"@type":"ListItem","position":2,"name":"Services"}]},{"@type":"WebSite","@id":"https:\/\/grupac.es\/fr\/#website","url":"https:\/\/grupac.es\/fr\/","name":"grupac.es","description":"Grupo Agricola","potentialAction":[{"@type":"SearchAction","target":{"@type":"EntryPoint","urlTemplate":"https:\/\/grupac.es\/fr\/?s={search_term_string}"},"query-input":"required name=search_term_string"}],"inLanguage":"fr-FR"}]}},"_links":{"self":[{"href":"https:\/\/grupac.es\/fr\/wp-json\/wp\/v2\/pages\/12115"}],"collection":[{"href":"https:\/\/grupac.es\/fr\/wp-json\/wp\/v2\/pages"}],"about":[{"href":"https:\/\/grupac.es\/fr\/wp-json\/wp\/v2\/types\/page"}],"author":[{"embeddable":true,"href":"https:\/\/grupac.es\/fr\/wp-json\/wp\/v2\/users\/2"}],"replies":[{"embeddable":true,"href":"https:\/\/grupac.es\/fr\/wp-json\/wp\/v2\/comments?post=12115"}],"version-history":[{"count":3,"href":"https:\/\/grupac.es\/fr\/wp-json\/wp\/v2\/pages\/12115\/revisions"}],"predecessor-version":[{"id":12121,"href":"https:\/\/grupac.es\/fr\/wp-json\/wp\/v2\/pages\/12115\/revisions\/12121"}],"wp:attachment":[{"href":"https:\/\/grupac.es\/fr\/wp-json\/wp\/v2\/media?parent=12115"}],"curies":[{"name":"wp","href":"https:\/\/api.w.org\/{rel}","templated":true}]}}