{"id":12123,"date":"2019-10-02T22:44:41","date_gmt":"2019-10-02T22:44:41","guid":{"rendered":"https:\/\/grupac.es\/?page_id=12123"},"modified":"2019-10-03T09:03:28","modified_gmt":"2019-10-03T09:03:28","slug":"produits","status":"publish","type":"page","link":"https:\/\/grupac.es\/fr\/produits\/","title":{"rendered":"Produits"},"content":{"rendered":"<p>[vc_row row_type=\u00a0\u00bbrow\u00a0\u00bb use_row_as_full_screen_section=\u00a0\u00bbno\u00a0\u00bb type=\u00a0\u00bbgrid\u00a0\u00bb oblique_section=\u00a0\u00bbno\u00a0\u00bb text_align=\u00a0\u00bbcenter\u00a0\u00bb Overflow=\u00a0\u00bb\u00a0\u00bb triangle_shape=\u00a0\u00bbno\u00a0\u00bb padding_top=\u00a0\u00bb110&Prime; padding_bottom=\u00a0\u00bb60&Prime; css_animation=\u00a0\u00bb\u00a0\u00bb overflow=\u00a0\u00bb\u00a0\u00bb box_shadow_on_row=\u00a0\u00bbno\u00a0\u00bb][vc_column]<div class=\"mkd_separator_with_icon with_icon  center \" style=\"margin-top:0px;margin-bottom:0px\"><div class=\"mkd_icon_holder\" style=\"bottom:-19px;\"><div class=\"mkd_separator_icon_holder\"><div class=\"mkd_line_before\"  style=\"border:none;\"><\/div><span class=\"mkd_icon_shade mkd_icon_shortcode simple_line_icons circle   \" data-hover-background-color=#fe4743  style=\"background-color: #fb5e05;border-width: 0px!important; border-style:solid;line-height:38px;width:38px;height:38px;\"><i class=\"mkd_icon_simple_line_icon icon-star \" style=\"color: #ffffff;line-height:38px;font-size: 20px; \" data-color=\"#ffffff\" data-hover-color=\"#ffffff\" ><\/i><\/span><div class=\"mkd_line_after\"  style=\"border:none;\"><\/div><\/div><\/div><\/div>[no_elements_holder background_color=\u00a0\u00bb#f3f3f4&Prime; number_of_columns=\u00a0\u00bbone_column\u00a0\u00bb switch_to_one_column=\u00a0\u00bb\u00a0\u00bb alignment_one_column=\u00a0\u00bbcenter\u00a0\u00bb][no_elements_holder_item background_color=\u00a0\u00bb#f3f3f4&Prime; item_padding=\u00a0\u00bb48px 50px 52px 50px\u00a0\u00bb aligment=\u00a0\u00bbcenter\u00a0\u00bb vertical_alignment=\u00a0\u00bbmiddle\u00a0\u00bb advanced_animations=\u00a0\u00bbno\u00a0\u00bb item_padding_1300_1600=\u00a0\u00bb48px 50px 52px 50px\u00a0\u00bb item_padding_600_768=\u00a0\u00bb8% 3% 7% 3%\u00a0\u00bb item_padding_480_600=\u00a0\u00bb11% 5% 10% 5%\u00a0\u00bb item_padding_480=\u00a0\u00bb16% 5% 10% 5%\u00a0\u00bb elemnts_holder_frame=\u00a0\u00bbno\u00a0\u00bb item_padding_1000_1300=\u00a0\u00bb48px 50px 52px 50px\u00a0\u00bb item_padding_768_1000=\u00a0\u00bb8% 3% 8% 3%\u00a0\u00bb][vc_column_text]<\/p>\n<h5 style=\"text-align: center;\"><strong>Les productions que nous offrons sont certifi\u00e9es, sous les normes de qualit\u00e9 IFS et produisons dans le cadre de GlobalGap.<\/strong><\/h5>\n<h5 style=\"text-align: center;\"><img decoding=\"async\" loading=\"lazy\" class=\"alignnone wp-image-11634 size-full\" src=\"https:\/\/grupac.es\/wp-content\/uploads\/2019\/09\/logos-ifs-global-gap-1.png\" alt=\"\" width=\"600\" height=\"153\" \/><\/h5>\n<p>&nbsp;<\/p>\n<p style=\"text-align: center;\">Notre priorit\u00e9 majeure est d&rsquo;\u00eatre actualis\u00e9s dans l&rsquo;\u00e9volution des nouvelles pr\u00e9sentations, de m\u00eame que de\u00a0 respecter les derni\u00e8res normes<br \/>\nde qualit\u00e9. Actuellement, nous adaptons la production aux nouvelles normes afin d&rsquo;am\u00e9liorer l&rsquo;environnement en d\u00e9fense de la plan\u00e8te, avec un strict minimum de r\u00e9sidus tol\u00e9r\u00e9. Notre prochain pas \u00e9tant que nos fruits arrivent aux consommateurs avec le R\u00e9sidu Z\u00e9ro de mati\u00e8re active.<\/p>\n<p>[\/vc_column_text][\/no_elements_holder_item][\/no_elements_holder][\/vc_column][\/vc_row][vc_row row_type=\u00a0\u00bbrow\u00a0\u00bb use_row_as_full_screen_section=\u00a0\u00bbno\u00a0\u00bb type=\u00a0\u00bbgrid\u00a0\u00bb oblique_section=\u00a0\u00bbno\u00a0\u00bb text_align=\u00a0\u00bbleft\u00a0\u00bb Overflow=\u00a0\u00bb\u00a0\u00bb triangle_shape=\u00a0\u00bbno\u00a0\u00bb background_color=\u00a0\u00bb#f3f3f4&Prime; padding_top=\u00a0\u00bb87&Prime; padding_bottom=\u00a0\u00bb24&Prime; css_animation=\u00a0\u00bb\u00a0\u00bb overflow=\u00a0\u00bb\u00a0\u00bb box_shadow_on_row=\u00a0\u00bbno\u00a0\u00bb][vc_column width=\u00a0\u00bb1\/2&Prime; offset=\u00a0\u00bbvc_col-lg-6 vc_col-md-6&Prime;][vc_separator type=\u00a0\u00bbtransparent\u00a0\u00bb up=\u00a0\u00bb4&Prime; up_style=\u00a0\u00bbpx\u00a0\u00bb down=\u00a0\u00bb0&Prime; down_style=\u00a0\u00bbpx\u00a0\u00bb]<div class='mkd_progress_bar'><h4 class='progress_title_holder clearfix' style=\"padding-bottom: 4px;\"><span class='progress_title'>Agrumes<\/span><span class='progress_number_wrapper static'><span class='progress_number with_mark' style=\"margin-bottom: 4px;color: #fb5e05;\"><span class='percent'>0<\/span><span class='down_arrow'><\/span><\/span><\/span><\/h4><div class='progress_content_outer' style='height: 15px;border-radius: 0px;-moz-border-radius: 0px;-webkit-border-radius: 0px;background-color: #ffffff;'><div data-percentage='69' class='progress_content' style=\"height: 15px;background-color: #fb5e05;\"><\/div><\/div><\/div>[vc_separator type=\u00a0\u00bbtransparent\u00a0\u00bb up=\u00a0\u00bb43&Prime; up_style=\u00a0\u00bbpx\u00a0\u00bb down=\u00a0\u00bb0&Prime; down_style=\u00a0\u00bbpx\u00a0\u00bb]<div class='mkd_progress_bar'><h4 class='progress_title_holder clearfix' style=\"padding-bottom: 4px;\"><span class='progress_title'>Fruits de Saison<\/span><span class='progress_number_wrapper static'><span class='progress_number with_mark' style=\"margin-bottom: 4px;color: #dd3333;\"><span class='percent'>0<\/span><span class='down_arrow'><\/span><\/span><\/span><\/h4><div class='progress_content_outer' style='height: 15px;border-radius: 0px;-moz-border-radius: 0px;-webkit-border-radius: 0px;background-color: #ffffff;'><div data-percentage='19' class='progress_content' style=\"height: 15px;background-color: #dd3333;\"><\/div><\/div><\/div>[vc_separator type=\u00a0\u00bbtransparent\u00a0\u00bb up=\u00a0\u00bb43&Prime; up_style=\u00a0\u00bbpx\u00a0\u00bb down=\u00a0\u00bb0&Prime; down_style=\u00a0\u00bbpx\u00a0\u00bb]<div class='mkd_progress_bar'><h4 class='progress_title_holder clearfix' style=\"padding-bottom: 4px;\"><span class='progress_title'>Legumes Frais<\/span><span class='progress_number_wrapper static'><span class='progress_number with_mark' style=\"margin-bottom: 4px;color: #38b74b;\"><span class='percent'>0<\/span><span class='down_arrow'><\/span><\/span><\/span><\/h4><div class='progress_content_outer' style='height: 15px;border-radius: 0px;-moz-border-radius: 0px;-webkit-border-radius: 0px;background-color: #ffffff;'><div data-percentage='12' class='progress_content' style=\"height: 15px;background-color: #38b74b;\"><\/div><\/div><\/div>[vc_separator type=\u00a0\u00bbtransparent\u00a0\u00bb up=\u00a0\u00bb80&Prime; up_style=\u00a0\u00bbpx\u00a0\u00bb down=\u00a0\u00bb0&Prime; down_style=\u00a0\u00bbpx\u00a0\u00bb][\/vc_column][vc_column width=\u00a0\u00bb1\/2&Prime; offset=\u00a0\u00bbvc_col-lg-6 vc_col-md-6&Prime;][vc_separator type=\u00a0\u00bbtransparent\u00a0\u00bb up=\u00a0\u00bb50&Prime; up_style=\u00a0\u00bbpx\u00a0\u00bb down=\u00a0\u00bb0&Prime; down_style=\u00a0\u00bbpx\u00a0\u00bb]<div class='mkd_pie_graf_holder'><div class='mkd_pie_graf'><canvas id='pie4755' height='150' width='150'><\/canvas><\/div><div class='mkd_pie_graf_legend'><ul><li><div class='color_holder' style='background-color: #fb5e05;'><\/div><p style='color: ;'>Agrumes<\/p><\/li><li><div class='color_holder' style='background-color: #dd3333;'><\/div><p style='color: ;'>Fruits de Saison<\/p><\/li><li><div class='color_holder' style='background-color: #38b74b;'><\/div><p style='color: ;'>Legumes Frais<\/p><\/li><\/ul><\/div><\/div><script>var pie4755 = [{value: 69,color:'#fb5e05'},{value: 19,color:'#dd3333'},{value: 12,color:'#38b74b'}];\n\t\tvar $j = jQuery.noConflict();\n\t\t$j(document).ready(function() {\n\t\t\tif($j('.touch .no_delay').length){\n\t\t\t\tnew Chart(document.getElementById('pie4755').getContext('2d')).Pie(pie4755,{segmentStrokeColor : 'transparent',});\n\t\t\t}else{\n\t\t\t\t$j('#pie4755').appear(function() {\n\t\t\t\t\tnew Chart(document.getElementById('pie4755').getContext('2d')).Pie(pie4755,{segmentStrokeColor : 'transparent',});\n\t\t\t\t},{accX: 0, accY: -200});\n\t\t\t}\n\t\t});\n\t<\/script>[vc_separator type=\u00a0\u00bbtransparent\u00a0\u00bb up=\u00a0\u00bb80&Prime; up_style=\u00a0\u00bbpx\u00a0\u00bb down=\u00a0\u00bb0&Prime; down_style=\u00a0\u00bbpx\u00a0\u00bb][\/vc_column][\/vc_row][vc_row row_type=\u00a0\u00bbrow\u00a0\u00bb use_row_as_full_screen_section=\u00a0\u00bbno\u00a0\u00bb type=\u00a0\u00bbgrid\u00a0\u00bb oblique_section=\u00a0\u00bbno\u00a0\u00bb text_align=\u00a0\u00bbcenter\u00a0\u00bb Overflow=\u00a0\u00bb\u00a0\u00bb triangle_shape=\u00a0\u00bbyes\u00a0\u00bb triangle_shape_position=\u00a0\u00bbtop\u00a0\u00bb triangle_shape_color=\u00a0\u00bb#f3f3f4&Prime; background_image=\u00a0\u00bb2058&Prime; background_color=\u00a0\u00bb#ffffff\u00a0\u00bb padding_bottom=\u00a0\u00bb60&Prime; css_animation=\u00a0\u00bb\u00a0\u00bb overflow=\u00a0\u00bb\u00a0\u00bb][vc_column][vc_column_text css=\u00a0\u00bb.vc_custom_1570056727937{padding-top: 60px !important;}\u00a0\u00bb]<\/p>\n<h4>Nos marques<\/h4>\n<p>[\/vc_column_text][vc_separator type=\u00a0\u00bbsmall\u00a0\u00bb position=\u00a0\u00bbcenter\u00a0\u00bb color=\u00a0\u00bb#fb5e05&Prime; up_style=\u00a0\u00bbpx\u00a0\u00bb down=\u00a0\u00bb41&Prime; down_style=\u00a0\u00bbpx\u00a0\u00bb][vc_row_inner row_type=\u00a0\u00bbrow\u00a0\u00bb type=\u00a0\u00bbgrid\u00a0\u00bb use_row_as_full_screen_section_slide=\u00a0\u00bbno\u00a0\u00bb text_align=\u00a0\u00bbcenter\u00a0\u00bb css_animation=\u00a0\u00bb\u00a0\u00bb][vc_column_inner][vc_single_image image=\u00a0\u00bb11431&Prime; img_size=\u00a0\u00bb420&#215;120&Prime; alignment=\u00a0\u00bbcenter\u00a0\u00bb mkd_css_animation=\u00a0\u00bb\u00a0\u00bb set_shader=\u00a0\u00bbno\u00a0\u00bb set_popup=\u00a0\u00bbno\u00a0\u00bb animate_image_on_hover=\u00a0\u00bbno\u00a0\u00bb][\/vc_column_inner][\/vc_row_inner][\/vc_column][\/vc_row][vc_row row_type=\u00a0\u00bbrow\u00a0\u00bb use_row_as_full_screen_section=\u00a0\u00bbno\u00a0\u00bb type=\u00a0\u00bbfull_width\u00a0\u00bb oblique_section=\u00a0\u00bbno\u00a0\u00bb text_align=\u00a0\u00bbleft\u00a0\u00bb Overflow=\u00a0\u00bb\u00a0\u00bb triangle_shape=\u00a0\u00bbno\u00a0\u00bb css_animation=\u00a0\u00bb\u00a0\u00bb overflow=\u00a0\u00bb\u00a0\u00bb][vc_column][vc_gallery type=\u00a0\u00bbimage_grid\u00a0\u00bb images=\u00a0\u00bb11440,11434,11442,11435,12282,12279,12276,12273&Prime; img_size=\u00a0\u00bbmedium\u00a0\u00bb column_number=\u00a0\u00bb4&Prime; grayscale=\u00a0\u00bbno\u00a0\u00bb hover_icon=\u00a0\u00bbnone\u00a0\u00bb images_space=\u00a0\u00bbgallery_without_space\u00a0\u00bb][\/vc_column][\/vc_row]<\/p>\n","protected":false},"excerpt":{"rendered":"<p>[vc_row row_type=\u00a0\u00bbrow\u00a0\u00bb use_row_as_full_screen_section=\u00a0\u00bbno\u00a0\u00bb type=\u00a0\u00bbgrid\u00a0\u00bb oblique_section=\u00a0\u00bbno\u00a0\u00bb text_align=\u00a0\u00bbcenter\u00a0\u00bb Overflow=\u00a0\u00bb\u00a0\u00bb triangle_shape=\u00a0\u00bbno\u00a0\u00bb padding_top=\u00a0\u00bb110&Prime; padding_bottom=\u00a0\u00bb60&Prime; css_animation=\u00a0\u00bb\u00a0\u00bb overflow=\u00a0\u00bb\u00a0\u00bb box_shadow_on_row=\u00a0\u00bbno\u00a0\u00bb][vc_column][no_elements_holder background_color=\u00a0\u00bb#f3f3f4&Prime; number_of_columns=\u00a0\u00bbone_column\u00a0\u00bb switch_to_one_column=\u00a0\u00bb\u00a0\u00bb alignment_one_column=\u00a0\u00bbcenter\u00a0\u00bb][no_elements_holder_item background_color=\u00a0\u00bb#f3f3f4&Prime; item_padding=\u00a0\u00bb48px 50px 52px 50px\u00a0\u00bb aligment=\u00a0\u00bbcenter\u00a0\u00bb vertical_alignment=\u00a0\u00bbmiddle\u00a0\u00bb advanced_animations=\u00a0\u00bbno\u00a0\u00bb item_padding_1300_1600=\u00a0\u00bb48px 50px 52px 50px\u00a0\u00bb item_padding_600_768=\u00a0\u00bb8% 3% 7% 3%\u00a0\u00bb item_padding_480_600=\u00a0\u00bb11% 5% 10% 5%\u00a0\u00bb item_padding_480=\u00a0\u00bb16% 5% 10% 5%\u00a0\u00bb elemnts_holder_frame=\u00a0\u00bbno\u00a0\u00bb item_padding_1000_1300=\u00a0\u00bb48px 50px 52px&#8230;<\/p>\n","protected":false},"author":2,"featured_media":0,"parent":0,"menu_order":0,"comment_status":"open","ping_status":"closed","template":"full_width.php","meta":{"footnotes":""},"yoast_head":"<!-- This site is optimized with the Yoast SEO plugin v21.4 - https:\/\/yoast.com\/wordpress\/plugins\/seo\/ -->\n<title>Produits - grupac.es<\/title>\n<meta name=\"robots\" content=\"index, follow, max-snippet:-1, max-image-preview:large, max-video-preview:-1\" \/>\n<link rel=\"canonical\" href=\"https:\/\/grupac.es\/fr\/produits\/\" \/>\n<meta property=\"og:locale\" content=\"fr_FR\" \/>\n<meta property=\"og:type\" content=\"article\" \/>\n<meta property=\"og:title\" content=\"Produits - grupac.es\" \/>\n<meta property=\"og:description\" content=\"[vc_row row_type=\u00a0\u00bbrow\u00a0\u00bb use_row_as_full_screen_section=\u00a0\u00bbno\u00a0\u00bb type=\u00a0\u00bbgrid\u00a0\u00bb oblique_section=\u00a0\u00bbno\u00a0\u00bb text_align=\u00a0\u00bbcenter\u00a0\u00bb Overflow=\u00a0\u00bb\u00a0\u00bb triangle_shape=\u00a0\u00bbno\u00a0\u00bb padding_top=\u00a0\u00bb110&Prime; padding_bottom=\u00a0\u00bb60&Prime; css_animation=\u00a0\u00bb\u00a0\u00bb overflow=\u00a0\u00bb\u00a0\u00bb box_shadow_on_row=\u00a0\u00bbno\u00a0\u00bb][vc_column][no_elements_holder background_color=\u00a0\u00bb#f3f3f4&Prime; number_of_columns=\u00a0\u00bbone_column\u00a0\u00bb switch_to_one_column=\u00a0\u00bb\u00a0\u00bb alignment_one_column=\u00a0\u00bbcenter\u00a0\u00bb][no_elements_holder_item background_color=\u00a0\u00bb#f3f3f4&Prime; item_padding=\u00a0\u00bb48px 50px 52px 50px\u00a0\u00bb aligment=\u00a0\u00bbcenter\u00a0\u00bb vertical_alignment=\u00a0\u00bbmiddle\u00a0\u00bb advanced_animations=\u00a0\u00bbno\u00a0\u00bb item_padding_1300_1600=\u00a0\u00bb48px 50px 52px 50px\u00a0\u00bb item_padding_600_768=\u00a0\u00bb8% 3% 7% 3%\u00a0\u00bb item_padding_480_600=\u00a0\u00bb11% 5% 10% 5%\u00a0\u00bb item_padding_480=\u00a0\u00bb16% 5% 10% 5%\u00a0\u00bb elemnts_holder_frame=\u00a0\u00bbno\u00a0\u00bb item_padding_1000_1300=\u00a0\u00bb48px 50px 52px...\" \/>\n<meta property=\"og:url\" content=\"https:\/\/grupac.es\/fr\/produits\/\" \/>\n<meta property=\"og:site_name\" content=\"grupac.es\" \/>\n<meta property=\"article:modified_time\" content=\"2019-10-03T09:03:28+00:00\" \/>\n<meta property=\"og:image\" content=\"https:\/\/grupac.es\/wp-content\/uploads\/2019\/09\/logos-ifs-global-gap-1.png\" \/>\n<meta name=\"twitter:card\" content=\"summary_large_image\" \/>\n<meta name=\"twitter:label1\" content=\"Dur\u00e9e de lecture estim\u00e9e\" \/>\n\t<meta name=\"twitter:data1\" content=\"4 minutes\" \/>\n<script type=\"application\/ld+json\" class=\"yoast-schema-graph\">{\"@context\":\"https:\/\/schema.org\",\"@graph\":[{\"@type\":\"WebPage\",\"@id\":\"https:\/\/grupac.es\/fr\/produits\/\",\"url\":\"https:\/\/grupac.es\/fr\/produits\/\",\"name\":\"Produits - grupac.es\",\"isPartOf\":{\"@id\":\"https:\/\/grupac.es\/fr\/#website\"},\"datePublished\":\"2019-10-02T22:44:41+00:00\",\"dateModified\":\"2019-10-03T09:03:28+00:00\",\"breadcrumb\":{\"@id\":\"https:\/\/grupac.es\/fr\/produits\/#breadcrumb\"},\"inLanguage\":\"fr-FR\",\"potentialAction\":[{\"@type\":\"ReadAction\",\"target\":[\"https:\/\/grupac.es\/fr\/produits\/\"]}]},{\"@type\":\"BreadcrumbList\",\"@id\":\"https:\/\/grupac.es\/fr\/produits\/#breadcrumb\",\"itemListElement\":[{\"@type\":\"ListItem\",\"position\":1,\"name\":\"Portada\",\"item\":\"https:\/\/grupac.es\/fr\/\"},{\"@type\":\"ListItem\",\"position\":2,\"name\":\"Produits\"}]},{\"@type\":\"WebSite\",\"@id\":\"https:\/\/grupac.es\/fr\/#website\",\"url\":\"https:\/\/grupac.es\/fr\/\",\"name\":\"grupac.es\",\"description\":\"Grupo Agricola\",\"potentialAction\":[{\"@type\":\"SearchAction\",\"target\":{\"@type\":\"EntryPoint\",\"urlTemplate\":\"https:\/\/grupac.es\/fr\/?s={search_term_string}\"},\"query-input\":\"required name=search_term_string\"}],\"inLanguage\":\"fr-FR\"}]}<\/script>\n<!-- \/ Yoast SEO plugin. -->","yoast_head_json":{"title":"Produits - grupac.es","robots":{"index":"index","follow":"follow","max-snippet":"max-snippet:-1","max-image-preview":"max-image-preview:large","max-video-preview":"max-video-preview:-1"},"canonical":"https:\/\/grupac.es\/fr\/produits\/","og_locale":"fr_FR","og_type":"article","og_title":"Produits - grupac.es","og_description":"[vc_row row_type=\u00a0\u00bbrow\u00a0\u00bb use_row_as_full_screen_section=\u00a0\u00bbno\u00a0\u00bb type=\u00a0\u00bbgrid\u00a0\u00bb oblique_section=\u00a0\u00bbno\u00a0\u00bb text_align=\u00a0\u00bbcenter\u00a0\u00bb Overflow=\u00a0\u00bb\u00a0\u00bb triangle_shape=\u00a0\u00bbno\u00a0\u00bb padding_top=\u00a0\u00bb110&Prime; padding_bottom=\u00a0\u00bb60&Prime; css_animation=\u00a0\u00bb\u00a0\u00bb overflow=\u00a0\u00bb\u00a0\u00bb box_shadow_on_row=\u00a0\u00bbno\u00a0\u00bb][vc_column][no_elements_holder background_color=\u00a0\u00bb#f3f3f4&Prime; number_of_columns=\u00a0\u00bbone_column\u00a0\u00bb switch_to_one_column=\u00a0\u00bb\u00a0\u00bb alignment_one_column=\u00a0\u00bbcenter\u00a0\u00bb][no_elements_holder_item background_color=\u00a0\u00bb#f3f3f4&Prime; item_padding=\u00a0\u00bb48px 50px 52px 50px\u00a0\u00bb aligment=\u00a0\u00bbcenter\u00a0\u00bb vertical_alignment=\u00a0\u00bbmiddle\u00a0\u00bb advanced_animations=\u00a0\u00bbno\u00a0\u00bb item_padding_1300_1600=\u00a0\u00bb48px 50px 52px 50px\u00a0\u00bb item_padding_600_768=\u00a0\u00bb8% 3% 7% 3%\u00a0\u00bb item_padding_480_600=\u00a0\u00bb11% 5% 10% 5%\u00a0\u00bb item_padding_480=\u00a0\u00bb16% 5% 10% 5%\u00a0\u00bb elemnts_holder_frame=\u00a0\u00bbno\u00a0\u00bb item_padding_1000_1300=\u00a0\u00bb48px 50px 52px...","og_url":"https:\/\/grupac.es\/fr\/produits\/","og_site_name":"grupac.es","article_modified_time":"2019-10-03T09:03:28+00:00","og_image":[{"url":"https:\/\/grupac.es\/wp-content\/uploads\/2019\/09\/logos-ifs-global-gap-1.png"}],"twitter_card":"summary_large_image","twitter_misc":{"Dur\u00e9e de lecture estim\u00e9e":"4 minutes"},"schema":{"@context":"https:\/\/schema.org","@graph":[{"@type":"WebPage","@id":"https:\/\/grupac.es\/fr\/produits\/","url":"https:\/\/grupac.es\/fr\/produits\/","name":"Produits - grupac.es","isPartOf":{"@id":"https:\/\/grupac.es\/fr\/#website"},"datePublished":"2019-10-02T22:44:41+00:00","dateModified":"2019-10-03T09:03:28+00:00","breadcrumb":{"@id":"https:\/\/grupac.es\/fr\/produits\/#breadcrumb"},"inLanguage":"fr-FR","potentialAction":[{"@type":"ReadAction","target":["https:\/\/grupac.es\/fr\/produits\/"]}]},{"@type":"BreadcrumbList","@id":"https:\/\/grupac.es\/fr\/produits\/#breadcrumb","itemListElement":[{"@type":"ListItem","position":1,"name":"Portada","item":"https:\/\/grupac.es\/fr\/"},{"@type":"ListItem","position":2,"name":"Produits"}]},{"@type":"WebSite","@id":"https:\/\/grupac.es\/fr\/#website","url":"https:\/\/grupac.es\/fr\/","name":"grupac.es","description":"Grupo Agricola","potentialAction":[{"@type":"SearchAction","target":{"@type":"EntryPoint","urlTemplate":"https:\/\/grupac.es\/fr\/?s={search_term_string}"},"query-input":"required name=search_term_string"}],"inLanguage":"fr-FR"}]}},"_links":{"self":[{"href":"https:\/\/grupac.es\/fr\/wp-json\/wp\/v2\/pages\/12123"}],"collection":[{"href":"https:\/\/grupac.es\/fr\/wp-json\/wp\/v2\/pages"}],"about":[{"href":"https:\/\/grupac.es\/fr\/wp-json\/wp\/v2\/types\/page"}],"author":[{"embeddable":true,"href":"https:\/\/grupac.es\/fr\/wp-json\/wp\/v2\/users\/2"}],"replies":[{"embeddable":true,"href":"https:\/\/grupac.es\/fr\/wp-json\/wp\/v2\/comments?post=12123"}],"version-history":[{"count":6,"href":"https:\/\/grupac.es\/fr\/wp-json\/wp\/v2\/pages\/12123\/revisions"}],"predecessor-version":[{"id":12285,"href":"https:\/\/grupac.es\/fr\/wp-json\/wp\/v2\/pages\/12123\/revisions\/12285"}],"wp:attachment":[{"href":"https:\/\/grupac.es\/fr\/wp-json\/wp\/v2\/media?parent=12123"}],"curies":[{"name":"wp","href":"https:\/\/api.w.org\/{rel}","templated":true}]}}