{"id":12220,"date":"2019-10-03T07:57:38","date_gmt":"2019-10-03T07:57:38","guid":{"rendered":"https:\/\/grupac.es\/?page_id=12220"},"modified":"2019-10-03T08:33:19","modified_gmt":"2019-10-03T08:33:19","slug":"politique-de-cookie","status":"publish","type":"page","link":"https:\/\/grupac.es\/fr\/politique-de-cookie\/","title":{"rendered":"POLITIQUE DE COOKIE"},"content":{"rendered":"<p>[vc_row row_type=\u00a0\u00bbrow\u00a0\u00bb use_row_as_full_screen_section=\u00a0\u00bbno\u00a0\u00bb type=\u00a0\u00bbfull_width\u00a0\u00bb oblique_section=\u00a0\u00bbno\u00a0\u00bb text_align=\u00a0\u00bbleft\u00a0\u00bb Overflow=\u00a0\u00bb\u00a0\u00bb triangle_shape=\u00a0\u00bbno\u00a0\u00bb padding_bottom=\u00a0\u00bb60&Prime; css_animation=\u00a0\u00bb\u00a0\u00bb][vc_column][vc_column_text]<strong><em>\u00bfQu\u00e9 son las cookies?<\/em><\/strong><\/p>\n<p>Una cookie es un fichero que se descarga en su ordenador al acceder a determinadas p\u00e1ginas web. Las cookies permiten a una p\u00e1gina web, entre otras cosas, almacenar y recuperar informaci\u00f3n sobre h\u00e1bitos de navegaci\u00f3n de un usuario o un equipo y, dependiendo de la informaci\u00f3n que contengan y de la forma que utilice su equipo, pueden utilizarse para conocer al usuario.<\/p>\n<p><strong><em>\u00bfPara qu\u00e9 utiliza las cookies esta p\u00e1gina web y cu\u00e1les son?<\/em><\/strong><\/p>\n<p>Esta p\u00e1gina web utiliza las cookies para una serie de finalidades, incluidas:<\/p>\n<ul>\n<li><strong>An\u00e1lisis: <\/strong>son aquellas cookies que bien, tratadas por nosotros o por terceros, nos permiten cuantificar el n\u00famero de usuarios y as\u00ed realizar la medici\u00f3n y an\u00e1lisis estad\u00edstico de la utilizaci\u00f3n que hacen los usuarios del servicio. Para ello se analiza su navegaci\u00f3n en nuestra p\u00e1gina web con el fin de mejorar la experiencia del usuario.<\/li>\n<li><strong>[Otras finalidades]\u2026<\/strong>\u2026\u2026.<\/li>\n<\/ul>\n<p>El detalle de las cookies utilizadas en esta p\u00e1gina web es el siguiente:<\/p>\n<p>&nbsp;<\/p>\n<p>&nbsp;<\/p>\n<table>\n<tbody>\n<tr>\n<td width=\"102\"><strong>Cookie<\/strong><\/td>\n<td width=\"85\"><strong>Nombre<\/strong><\/td>\n<td width=\"104\"><strong>Tipo<\/strong><\/td>\n<td width=\"170\"><strong>Prop\u00f3sito<\/strong><\/td>\n<td width=\"115\"><strong>M\u00e1s informaci\u00f3n<\/strong><\/td>\n<\/tr>\n<tr>\n<td width=\"102\"><strong>WordPress<\/strong><\/td>\n<td width=\"85\">wp-settings-<\/p>\n<p>wp-settings-1<\/td>\n<td width=\"104\"><strong>Propia<\/strong><\/td>\n<td width=\"170\">Utilizada por WordPress para personalizar la interfaz de usuario<\/td>\n<td width=\"115\">Para m\u00e1s informaci\u00f3n dir\u00edjase a&nbsp;&nbsp;<a href=\"https:\/\/codex.wordpress.org\/WordPress_Cookies\">https:\/\/codex.wordpress.org\/WordPress_Cookies<\/a><\/td>\n<\/tr>\n<tr>\n<td width=\"102\"><strong>WordPress<\/strong><\/td>\n<td width=\"85\">wp-saving-post<\/td>\n<td width=\"104\"><strong>Propia<\/strong><\/td>\n<td width=\"170\">Cookie de WordPress necesaria para el funcionamiento de la p\u00e1gina.<\/td>\n<td width=\"115\">Almacena informaci\u00f3n de los comentarios en los art\u00edculos.<\/td>\n<\/tr>\n<tr>\n<td width=\"102\"><strong>Otras<\/strong><\/td>\n<td width=\"85\">CatAccCookies<\/td>\n<td width=\"104\"><strong>Propia<\/strong><\/td>\n<td width=\"170\">Cookie establecida por el consentimiento de las Cookies, para grabar que acepta el hecho de que el sitio utiliza cookies.<\/td>\n<td width=\"115\"><strong>Duraci\u00f3n 30 d\u00edas<\/strong><\/td>\n<\/tr>\n<tr>\n<td width=\"102\"><strong>Otras<\/strong><\/td>\n<td width=\"85\">vchideactivationmsg_vc11<\/td>\n<td width=\"104\"><strong>Propia<\/strong><\/td>\n<td width=\"170\">Cookie t\u00e9cnica que permite enviar mensajes desde el formulario de contacto<\/td>\n<td width=\"115\"><strong>Duraci\u00f3n 1 mes<\/strong><\/td>\n<\/tr>\n<tr>\n<td width=\"102\"><strong>Otras<\/strong><\/td>\n<td width=\"85\">_icl_current_admin_language_d41d8cd98f00b204e9800998ecf8427e<\/td>\n<td width=\"104\"><strong>Terceros<\/strong><\/td>\n<td width=\"170\">Cookie de Idioma en uso para la administraci\u00f3n<\/td>\n<td width=\"115\"><strong>Cookie de idioma en uso<\/strong><\/td>\n<\/tr>\n<tr>\n<td width=\"102\"><strong>WPML<\/strong><\/td>\n<td width=\"85\">_icl_current_language<\/td>\n<td width=\"104\"><strong>Terceros<\/strong><\/td>\n<td width=\"170\">Indentifica el lenguaje del usuario<\/td>\n<td width=\"115\">Para m\u00e1s informaci\u00f3n dir\u00edjase a <a href=\"http:\/\/wordpress.org\/plugins\/cookie-compliance\/\" target=\"_blank\" rel=\"noopener noreferrer\">http:\/\/wordpress.org\/plugins\/cookie-compliance\/<\/a><\/td>\n<\/tr>\n<\/tbody>\n<\/table>\n<p><strong>Nota: <\/strong>las cookies de tipo \u201cPropias\u201d son utilizadas s\u00f3lo por el propietario de esta web y las cookies \u201cde Terceros\u201d son utilizadas, tambi\u00e9n, por el prestador del servicio que est\u00e1 detallado en el cuadro anterior.<\/p>\n<p><strong><em>\u00bfC\u00f3mo puedo desactivar o eliminar las cookies?<\/em><\/strong><\/p>\n<p>Puede usted permitir, bloquear o eliminar las cookies instaladas en su equipo mediante la configuraci\u00f3n de las opciones del navegador instalado en su ordenador.<\/p>\n<ul>\n<li><strong>Firefox: <\/strong><a href=\"https:\/\/support.mozilla.org\/es\/kb\/habilitar-y-deshabilitar-cookies-que-los-sitios-we\">https:\/\/support.mozilla.org\/es\/kb\/habilitar-y-deshabilitar-cookies-que-los-sitios-we<\/a><\/li>\n<li><strong>Chrome: <\/strong><a href=\"https:\/\/support.google.com\/accounts\/answer\/61416?hl=es\"><strong>https:\/\/support.google.com\/accounts\/answer\/61416?hl=es<\/strong><\/a><\/li>\n<li><strong>Explorer: <\/strong><a href=\"http:\/\/windows.microsoft.com\/es-es\/windows7\/how-to-manage-cookies-in-internet-explorer-9\"><strong>http:\/\/windows.microsoft.com\/es-es\/windows7\/how-to-manage-cookies-in-internet-explorer-9<\/strong><\/a><\/li>\n<li><strong>Otros <\/strong><strong>navegadores<\/strong><strong>: <\/strong>consulte la documentaci\u00f3n del navegador que tenga instalado.<\/li>\n<\/ul>\n<p>[\/vc_column_text][\/vc_column][\/vc_row]<\/p>\n","protected":false},"excerpt":{"rendered":"<p>[vc_row row_type=\u00a0\u00bbrow\u00a0\u00bb use_row_as_full_screen_section=\u00a0\u00bbno\u00a0\u00bb type=\u00a0\u00bbfull_width\u00a0\u00bb oblique_section=\u00a0\u00bbno\u00a0\u00bb text_align=\u00a0\u00bbleft\u00a0\u00bb Overflow=\u00a0\u00bb\u00a0\u00bb triangle_shape=\u00a0\u00bbno\u00a0\u00bb padding_bottom=\u00a0\u00bb60&Prime; css_animation=\u00a0\u00bb\u00a0\u00bb][vc_column][vc_column_text]\u00bfQu\u00e9 son las cookies? Una cookie es un fichero que se descarga en su ordenador al acceder a determinadas p\u00e1ginas web. Las cookies permiten a una p\u00e1gina web, entre otras cosas, almacenar y recuperar informaci\u00f3n sobre&#8230;<\/p>\n","protected":false},"author":2,"featured_media":0,"parent":0,"menu_order":0,"comment_status":"closed","ping_status":"closed","template":"","meta":{"footnotes":""},"yoast_head":"<!-- This site is optimized with the Yoast SEO plugin v21.4 - https:\/\/yoast.com\/wordpress\/plugins\/seo\/ -->\n<title>POLITIQUE DE COOKIE - grupac.es<\/title>\n<meta name=\"robots\" content=\"index, follow, max-snippet:-1, max-image-preview:large, max-video-preview:-1\" \/>\n<link rel=\"canonical\" href=\"https:\/\/grupac.es\/fr\/politique-de-cookie\/\" \/>\n<meta property=\"og:locale\" content=\"fr_FR\" \/>\n<meta property=\"og:type\" content=\"article\" \/>\n<meta property=\"og:title\" content=\"POLITIQUE DE COOKIE - grupac.es\" \/>\n<meta property=\"og:description\" content=\"[vc_row row_type=\u00a0\u00bbrow\u00a0\u00bb use_row_as_full_screen_section=\u00a0\u00bbno\u00a0\u00bb type=\u00a0\u00bbfull_width\u00a0\u00bb oblique_section=\u00a0\u00bbno\u00a0\u00bb text_align=\u00a0\u00bbleft\u00a0\u00bb Overflow=\u00a0\u00bb\u00a0\u00bb triangle_shape=\u00a0\u00bbno\u00a0\u00bb padding_bottom=\u00a0\u00bb60&Prime; css_animation=\u00a0\u00bb\u00a0\u00bb][vc_column][vc_column_text]\u00bfQu\u00e9 son las cookies? Una cookie es un fichero que se descarga en su ordenador al acceder a determinadas p\u00e1ginas web. Las cookies permiten a una p\u00e1gina web, entre otras cosas, almacenar y recuperar informaci\u00f3n sobre...\" \/>\n<meta property=\"og:url\" content=\"https:\/\/grupac.es\/fr\/politique-de-cookie\/\" \/>\n<meta property=\"og:site_name\" content=\"grupac.es\" \/>\n<meta property=\"article:modified_time\" content=\"2019-10-03T08:33:19+00:00\" \/>\n<meta name=\"twitter:card\" content=\"summary_large_image\" \/>\n<meta name=\"twitter:label1\" content=\"Dur\u00e9e de lecture estim\u00e9e\" \/>\n\t<meta name=\"twitter:data1\" content=\"2 minutes\" \/>\n<script type=\"application\/ld+json\" class=\"yoast-schema-graph\">{\"@context\":\"https:\/\/schema.org\",\"@graph\":[{\"@type\":\"WebPage\",\"@id\":\"https:\/\/grupac.es\/fr\/politique-de-cookie\/\",\"url\":\"https:\/\/grupac.es\/fr\/politique-de-cookie\/\",\"name\":\"POLITIQUE DE COOKIE - grupac.es\",\"isPartOf\":{\"@id\":\"https:\/\/grupac.es\/fr\/#website\"},\"datePublished\":\"2019-10-03T07:57:38+00:00\",\"dateModified\":\"2019-10-03T08:33:19+00:00\",\"breadcrumb\":{\"@id\":\"https:\/\/grupac.es\/fr\/politique-de-cookie\/#breadcrumb\"},\"inLanguage\":\"fr-FR\",\"potentialAction\":[{\"@type\":\"ReadAction\",\"target\":[\"https:\/\/grupac.es\/fr\/politique-de-cookie\/\"]}]},{\"@type\":\"BreadcrumbList\",\"@id\":\"https:\/\/grupac.es\/fr\/politique-de-cookie\/#breadcrumb\",\"itemListElement\":[{\"@type\":\"ListItem\",\"position\":1,\"name\":\"Portada\",\"item\":\"https:\/\/grupac.es\/fr\/\"},{\"@type\":\"ListItem\",\"position\":2,\"name\":\"POLITIQUE DE COOKIE\"}]},{\"@type\":\"WebSite\",\"@id\":\"https:\/\/grupac.es\/fr\/#website\",\"url\":\"https:\/\/grupac.es\/fr\/\",\"name\":\"grupac.es\",\"description\":\"Grupo Agricola\",\"potentialAction\":[{\"@type\":\"SearchAction\",\"target\":{\"@type\":\"EntryPoint\",\"urlTemplate\":\"https:\/\/grupac.es\/fr\/?s={search_term_string}\"},\"query-input\":\"required name=search_term_string\"}],\"inLanguage\":\"fr-FR\"}]}<\/script>\n<!-- \/ Yoast SEO plugin. -->","yoast_head_json":{"title":"POLITIQUE DE COOKIE - grupac.es","robots":{"index":"index","follow":"follow","max-snippet":"max-snippet:-1","max-image-preview":"max-image-preview:large","max-video-preview":"max-video-preview:-1"},"canonical":"https:\/\/grupac.es\/fr\/politique-de-cookie\/","og_locale":"fr_FR","og_type":"article","og_title":"POLITIQUE DE COOKIE - grupac.es","og_description":"[vc_row row_type=\u00a0\u00bbrow\u00a0\u00bb use_row_as_full_screen_section=\u00a0\u00bbno\u00a0\u00bb type=\u00a0\u00bbfull_width\u00a0\u00bb oblique_section=\u00a0\u00bbno\u00a0\u00bb text_align=\u00a0\u00bbleft\u00a0\u00bb Overflow=\u00a0\u00bb\u00a0\u00bb triangle_shape=\u00a0\u00bbno\u00a0\u00bb padding_bottom=\u00a0\u00bb60&Prime; css_animation=\u00a0\u00bb\u00a0\u00bb][vc_column][vc_column_text]\u00bfQu\u00e9 son las cookies? Una cookie es un fichero que se descarga en su ordenador al acceder a determinadas p\u00e1ginas web. Las cookies permiten a una p\u00e1gina web, entre otras cosas, almacenar y recuperar informaci\u00f3n sobre...","og_url":"https:\/\/grupac.es\/fr\/politique-de-cookie\/","og_site_name":"grupac.es","article_modified_time":"2019-10-03T08:33:19+00:00","twitter_card":"summary_large_image","twitter_misc":{"Dur\u00e9e de lecture estim\u00e9e":"2 minutes"},"schema":{"@context":"https:\/\/schema.org","@graph":[{"@type":"WebPage","@id":"https:\/\/grupac.es\/fr\/politique-de-cookie\/","url":"https:\/\/grupac.es\/fr\/politique-de-cookie\/","name":"POLITIQUE DE COOKIE - grupac.es","isPartOf":{"@id":"https:\/\/grupac.es\/fr\/#website"},"datePublished":"2019-10-03T07:57:38+00:00","dateModified":"2019-10-03T08:33:19+00:00","breadcrumb":{"@id":"https:\/\/grupac.es\/fr\/politique-de-cookie\/#breadcrumb"},"inLanguage":"fr-FR","potentialAction":[{"@type":"ReadAction","target":["https:\/\/grupac.es\/fr\/politique-de-cookie\/"]}]},{"@type":"BreadcrumbList","@id":"https:\/\/grupac.es\/fr\/politique-de-cookie\/#breadcrumb","itemListElement":[{"@type":"ListItem","position":1,"name":"Portada","item":"https:\/\/grupac.es\/fr\/"},{"@type":"ListItem","position":2,"name":"POLITIQUE DE COOKIE"}]},{"@type":"WebSite","@id":"https:\/\/grupac.es\/fr\/#website","url":"https:\/\/grupac.es\/fr\/","name":"grupac.es","description":"Grupo Agricola","potentialAction":[{"@type":"SearchAction","target":{"@type":"EntryPoint","urlTemplate":"https:\/\/grupac.es\/fr\/?s={search_term_string}"},"query-input":"required name=search_term_string"}],"inLanguage":"fr-FR"}]}},"_links":{"self":[{"href":"https:\/\/grupac.es\/fr\/wp-json\/wp\/v2\/pages\/12220"}],"collection":[{"href":"https:\/\/grupac.es\/fr\/wp-json\/wp\/v2\/pages"}],"about":[{"href":"https:\/\/grupac.es\/fr\/wp-json\/wp\/v2\/types\/page"}],"author":[{"embeddable":true,"href":"https:\/\/grupac.es\/fr\/wp-json\/wp\/v2\/users\/2"}],"replies":[{"embeddable":true,"href":"https:\/\/grupac.es\/fr\/wp-json\/wp\/v2\/comments?post=12220"}],"version-history":[{"count":2,"href":"https:\/\/grupac.es\/fr\/wp-json\/wp\/v2\/pages\/12220\/revisions"}],"predecessor-version":[{"id":12251,"href":"https:\/\/grupac.es\/fr\/wp-json\/wp\/v2\/pages\/12220\/revisions\/12251"}],"wp:attachment":[{"href":"https:\/\/grupac.es\/fr\/wp-json\/wp\/v2\/media?parent=12220"}],"curies":[{"name":"wp","href":"https:\/\/api.w.org\/{rel}","templated":true}]}}